{"id":2831,"date":"2025-07-30T12:30:53","date_gmt":"2025-07-30T12:30:53","guid":{"rendered":"https:\/\/cofana.com\/web1\/?page_id=2831"},"modified":"2025-08-05T13:15:51","modified_gmt":"2025-08-05T13:15:51","slug":"nosotros","status":"publish","type":"page","link":"https:\/\/cofana.com\/web1\/index.php\/nosotros\/","title":{"rendered":"Quienes Somos"},"content":{"rendered":"\n<p>Somos una marca joven con mucho impulso dedicados a la fabricaci\u00f3n de refacciones y accesorios automotrices de la mejor calidad con la firme certeza de que el consumidor quede satisfecho con su compra. Ubicados en Guadalajara, Jalisco, nuestro principal objetivo es la creaci\u00f3n de un mayor consumo de productos nacionales reduciendo as\u00ed el numero de importaciones que en ocasiones poco benefician al pa\u00eds. <\/p>\n\n\n\n<p>En muchas ocasiones imaginamos que los productos de importaci\u00f3n son de mejor calidad, pero en nuestro pa\u00eds hay mucha capacidad y creatividad humana.<\/p>\n\n\n\n<p>Cuando usted esta comprando un producto Cofana 100% nacional, usted esta ayudando a mantener y crear nuevos empleos que tanto necesita nuestro pa\u00eds. Ay\u00fadenos a crear mas fuentes de trabajo, ay\u00fadese usted mismo a comprar calidad.<\/p>\n\n\n\n<p>Lo mismo nos cuesta hacer una cosa mal hecha que hacerla bien, lo mal hecho siempre tiende a desaparecer del mercado y con lo bien hecho sucede todo lo contrario<\/p>\n\n\n<div class=\"wp-block-image\">\n<figure class=\"aligncenter size-full is-resized\"><img loading=\"lazy\" decoding=\"async\" width=\"435\" height=\"116\" src=\"https:\/\/cofana.com\/web1\/wp-content\/uploads\/2025\/06\/cofana-logo.png\" alt=\"\" class=\"wp-image-82\" style=\"width:420px;height:auto\" srcset=\"https:\/\/cofana.com\/web1\/wp-content\/uploads\/2025\/06\/cofana-logo.png 435w, https:\/\/cofana.com\/web1\/wp-content\/uploads\/2025\/06\/cofana-logo-300x80.png 300w\" sizes=\"auto, (max-width: 435px) 100vw, 435px\" \/><\/figure><\/div>","protected":false},"excerpt":{"rendered":"<p>Somos una marca joven con mucho impulso dedicados a la fabricaci\u00f3n de refacciones y accesorios automotrices de la mejor calidad con la firme certeza de que el consumidor quede satisfecho con su compra. Ubicados en Guadalajara, Jalisco, nuestro principal objetivo es la creaci\u00f3n de un mayor consumo de productos nacionales reduciendo as\u00ed el numero de&hellip;<\/p>\n","protected":false},"author":1,"featured_media":0,"parent":0,"menu_order":0,"comment_status":"closed","ping_status":"closed","template":"","meta":{"_acf_changed":false,"footnotes":""},"class_list":["post-2831","page","type-page","status-publish","hentry"],"acf":[],"jetpack_sharing_enabled":true,"_links":{"self":[{"href":"https:\/\/cofana.com\/web1\/index.php\/wp-json\/wp\/v2\/pages\/2831","targetHints":{"allow":["GET"]}}],"collection":[{"href":"https:\/\/cofana.com\/web1\/index.php\/wp-json\/wp\/v2\/pages"}],"about":[{"href":"https:\/\/cofana.com\/web1\/index.php\/wp-json\/wp\/v2\/types\/page"}],"author":[{"embeddable":true,"href":"https:\/\/cofana.com\/web1\/index.php\/wp-json\/wp\/v2\/users\/1"}],"replies":[{"embeddable":true,"href":"https:\/\/cofana.com\/web1\/index.php\/wp-json\/wp\/v2\/comments?post=2831"}],"version-history":[{"count":2,"href":"https:\/\/cofana.com\/web1\/index.php\/wp-json\/wp\/v2\/pages\/2831\/revisions"}],"predecessor-version":[{"id":4340,"href":"https:\/\/cofana.com\/web1\/index.php\/wp-json\/wp\/v2\/pages\/2831\/revisions\/4340"}],"wp:attachment":[{"href":"https:\/\/cofana.com\/web1\/index.php\/wp-json\/wp\/v2\/media?parent=2831"}],"curies":[{"name":"wp","href":"https:\/\/api.w.org\/{rel}","templated":true}]}}