{"id":4012,"date":"2025-08-05T12:38:17","date_gmt":"2025-08-05T12:38:17","guid":{"rendered":"https:\/\/cofana.com\/web1\/?post_type=product&#038;p=4012"},"modified":"2025-08-05T12:38:21","modified_gmt":"2025-08-05T12:38:21","slug":"polea-de-cigaoeeaal-cromada","status":"publish","type":"product","link":"https:\/\/cofana.com\/web1\/index.php\/producto\/polea-de-cigaoeeaal-cromada\/","title":{"rendered":"POLEA DE CIG\u00c3\u0153E\u00c3\u2018AL CROMADA"},"content":{"rendered":"<p>POLEA DE CIG\u00c3\u0153E\u00c3\u2018AL CROMADA<\/p>\n","protected":false},"excerpt":{"rendered":"<p>CARIBE, ATLANTIC M\/VIEJO 1600 Y 1700<\/p>\n","protected":false},"featured_media":2413,"template":"","meta":{"_acf_changed":false},"product_brand":[],"product_cat":[24],"product_tag":[],"class_list":{"0":"post-4012","1":"product","2":"type-product","3":"status-publish","4":"has-post-thumbnail","6":"product_cat-accesorios","8":"first","9":"instock","10":"shipping-taxable","11":"product-type-simple"},"acf":[],"jetpack_sharing_enabled":true,"_links":{"self":[{"href":"https:\/\/cofana.com\/web1\/index.php\/wp-json\/wp\/v2\/product\/4012","targetHints":{"allow":["GET"]}}],"collection":[{"href":"https:\/\/cofana.com\/web1\/index.php\/wp-json\/wp\/v2\/product"}],"about":[{"href":"https:\/\/cofana.com\/web1\/index.php\/wp-json\/wp\/v2\/types\/product"}],"wp:featuredmedia":[{"embeddable":true,"href":"https:\/\/cofana.com\/web1\/index.php\/wp-json\/wp\/v2\/media\/2413"}],"wp:attachment":[{"href":"https:\/\/cofana.com\/web1\/index.php\/wp-json\/wp\/v2\/media?parent=4012"}],"wp:term":[{"taxonomy":"product_brand","embeddable":true,"href":"https:\/\/cofana.com\/web1\/index.php\/wp-json\/wp\/v2\/product_brand?post=4012"},{"taxonomy":"product_cat","embeddable":true,"href":"https:\/\/cofana.com\/web1\/index.php\/wp-json\/wp\/v2\/product_cat?post=4012"},{"taxonomy":"product_tag","embeddable":true,"href":"https:\/\/cofana.com\/web1\/index.php\/wp-json\/wp\/v2\/product_tag?post=4012"}],"curies":[{"name":"wp","href":"https:\/\/api.w.org\/{rel}","templated":true}]}}