{"id":4183,"date":"2025-08-05T12:39:41","date_gmt":"2025-08-05T12:39:41","guid":{"rendered":"https:\/\/cofana.com\/web1\/?post_type=product&#038;p=4183"},"modified":"2025-08-05T12:39:45","modified_gmt":"2025-08-05T12:39:45","slug":"polea-cigaoeeaal-graduada-con-hoyos-roja","status":"publish","type":"product","link":"https:\/\/cofana.com\/web1\/index.php\/producto\/polea-cigaoeeaal-graduada-con-hoyos-roja\/","title":{"rendered":"POLEA CIG\u00c3\u0153E\u00c3\u2018AL GRADUADA CON HOYOS ROJA"},"content":{"rendered":"<p>POLEA CIG\u00c3\u0153E\u00c3\u2018AL GRADUADA CON HOYOS ROJA<\/p>\n","protected":false},"excerpt":{"rendered":"<p>VW SEDAN 54-61<\/p>\n","protected":false},"featured_media":2650,"template":"","meta":{"_acf_changed":false},"product_brand":[],"product_cat":[33],"product_tag":[],"class_list":{"0":"post-4183","1":"product","2":"type-product","3":"status-publish","4":"has-post-thumbnail","6":"product_cat-iap","8":"first","9":"instock","10":"shipping-taxable","11":"product-type-simple"},"acf":[],"jetpack_sharing_enabled":true,"_links":{"self":[{"href":"https:\/\/cofana.com\/web1\/index.php\/wp-json\/wp\/v2\/product\/4183","targetHints":{"allow":["GET"]}}],"collection":[{"href":"https:\/\/cofana.com\/web1\/index.php\/wp-json\/wp\/v2\/product"}],"about":[{"href":"https:\/\/cofana.com\/web1\/index.php\/wp-json\/wp\/v2\/types\/product"}],"wp:featuredmedia":[{"embeddable":true,"href":"https:\/\/cofana.com\/web1\/index.php\/wp-json\/wp\/v2\/media\/2650"}],"wp:attachment":[{"href":"https:\/\/cofana.com\/web1\/index.php\/wp-json\/wp\/v2\/media?parent=4183"}],"wp:term":[{"taxonomy":"product_brand","embeddable":true,"href":"https:\/\/cofana.com\/web1\/index.php\/wp-json\/wp\/v2\/product_brand?post=4183"},{"taxonomy":"product_cat","embeddable":true,"href":"https:\/\/cofana.com\/web1\/index.php\/wp-json\/wp\/v2\/product_cat?post=4183"},{"taxonomy":"product_tag","embeddable":true,"href":"https:\/\/cofana.com\/web1\/index.php\/wp-json\/wp\/v2\/product_tag?post=4183"}],"curies":[{"name":"wp","href":"https:\/\/api.w.org\/{rel}","templated":true}]}}